{"id":239,"date":"2023-11-07T18:59:32","date_gmt":"2023-11-07T21:59:32","guid":{"rendered":"https:\/\/museo.ingenieria.uner.edu.ar\/?page_id=239"},"modified":"2024-05-08T17:03:55","modified_gmt":"2024-05-08T20:03:55","slug":"actividades","status":"publish","type":"page","link":"https:\/\/museo.ingenieria.uner.edu.ar\/index.php\/actividades\/","title":{"rendered":"Actividades"},"content":{"rendered":"\t\t<div data-elementor-type=\"wp-page\" data-elementor-id=\"239\" class=\"elementor elementor-239\">\n\t\t\t\t<div class=\"elementor-element elementor-element-625569e e-flex e-con-boxed e-con e-parent\" data-id=\"625569e\" data-element_type=\"container\" data-settings=\"{&quot;background_background&quot;:&quot;classic&quot;,&quot;content_width&quot;:&quot;boxed&quot;}\" data-core-v316-plus=\"true\">\n\t\t\t\t\t<div class=\"e-con-inner\">\n\t\t<div class=\"elementor-element elementor-element-b947f06 e-con-full e-flex e-con e-child\" data-id=\"b947f06\" data-element_type=\"container\" data-settings=\"{&quot;content_width&quot;:&quot;full&quot;,&quot;background_background&quot;:&quot;classic&quot;}\">\n\t\t\t\t<div class=\"elementor-element elementor-element-cadcda2 elementor-widget elementor-widget-heading\" data-id=\"cadcda2\" data-element_type=\"widget\" data-widget_type=\"heading.default\">\n\t\t\t\t<div class=\"elementor-widget-container\">\n\t\t\t<style>\/*! elementor - v3.19.0 - 28-02-2024 *\/\n.elementor-heading-title{padding:0;margin:0;line-height:1}.elementor-widget-heading .elementor-heading-title[class*=elementor-size-]>a{color:inherit;font-size:inherit;line-height:inherit}.elementor-widget-heading .elementor-heading-title.elementor-size-small{font-size:15px}.elementor-widget-heading .elementor-heading-title.elementor-size-medium{font-size:19px}.elementor-widget-heading .elementor-heading-title.elementor-size-large{font-size:29px}.elementor-widget-heading .elementor-heading-title.elementor-size-xl{font-size:39px}.elementor-widget-heading .elementor-heading-title.elementor-size-xxl{font-size:59px}<\/style><h2 class=\"elementor-heading-title elementor-size-default\">Actividades<\/h2>\t\t<\/div>\n\t\t\t\t<\/div>\n\t\t\t\t<\/div>\n\t\t\t\t\t<\/div>\n\t\t\t\t<\/div>\n\t\t<div class=\"elementor-element elementor-element-6e6aab0 e-flex e-con-boxed e-con e-parent\" data-id=\"6e6aab0\" data-element_type=\"container\" data-settings=\"{&quot;background_background&quot;:&quot;classic&quot;,&quot;content_width&quot;:&quot;boxed&quot;}\" data-core-v316-plus=\"true\">\n\t\t\t\t\t<div class=\"e-con-inner\">\n\t\t\t\t<div class=\"elementor-element elementor-element-a06d445 elementor-widget elementor-widget-heading\" data-id=\"a06d445\" data-element_type=\"widget\" data-widget_type=\"heading.default\">\n\t\t\t\t<div class=\"elementor-widget-container\">\n\t\t\t<h2 class=\"elementor-heading-title elementor-size-default\">Nuestro museo ofrece exhibiciones interactivas, programas y materiales de aprendizaje relacionados con las ciencias y la cultura de nuestra comunidad. En PuertoCiencia se anima a los visitantes de todas las edades a tocar, observar, experimentar, imaginar y crear, propiciando un entorno de aprendizaje l\u00fadico.<\/h2>\t\t<\/div>\n\t\t\t\t<\/div>\n\t\t\t\t\t<\/div>\n\t\t\t\t<\/div>\n\t\t<div class=\"elementor-element elementor-element-c7e2860 e-flex e-con-boxed e-con e-parent\" data-id=\"c7e2860\" data-element_type=\"container\" data-settings=\"{&quot;background_background&quot;:&quot;classic&quot;,&quot;content_width&quot;:&quot;boxed&quot;}\" data-core-v316-plus=\"true\">\n\t\t\t\t\t<div class=\"e-con-inner\">\n\t\t\t\t<div class=\"elementor-element elementor-element-0f5aadb elementor-widget elementor-widget-eael-adv-accordion\" data-id=\"0f5aadb\" data-element_type=\"widget\" data-widget_type=\"eael-adv-accordion.default\">\n\t\t\t\t<div class=\"elementor-widget-container\">\n\t\t\t        <div class=\"eael-adv-accordion\" id=\"eael-adv-accordion-0f5aadb\" data-scroll-on-click=\"no\" data-scroll-speed=\"300\" data-accordion-id=\"0f5aadb\" data-accordion-type=\"accordion\" data-toogle-speed=\"300\">\n    <div class=\"eael-accordion-list\">\n                <div id=\"muestra-interactiva\" class=\"elementor-tab-title eael-accordion-header active-default\" tabindex=\"0\" data-tab=\"1\" aria-controls=\"elementor-tab-content-1611\"><span class=\"eael-accordion-tab-title\">Muestra interactiva<\/span><svg aria-hidden=\"true\" class=\"fa-toggle e-font-icon-svg e-fas-angle-right\" viewBox=\"0 0 256 512\" xmlns=\"http:\/\/www.w3.org\/2000\/svg\"><path d=\"M224.3 273l-136 136c-9.4 9.4-24.6 9.4-33.9 0l-22.6-22.6c-9.4-9.4-9.4-24.6 0-33.9l96.4-96.4-96.4-96.4c-9.4-9.4-9.4-24.6 0-33.9L54.3 103c9.4-9.4 24.6-9.4 33.9 0l136 136c9.5 9.4 9.5 24.6.1 34z\"><\/path><\/svg><\/div><div id=\"elementor-tab-content-1611\" class=\"eael-accordion-content clearfix active-default\" data-tab=\"1\" aria-labelledby=\"muestra-interactiva\"><p>A trav\u00e9s de una colecci\u00f3n de equipamiento did\u00e1ctico especialmente dise\u00f1ado, PuertoCiencia muestra fen\u00f3menos relacionados con la f\u00edsica, la qu\u00edmica, la biolog\u00eda, la matem\u00e1tica, entre otras. Comprende distintas \u00e1reas tem\u00e1ticas: fluidos, \u00f3ptica, sonido, electricidad, mec\u00e1nica y dispositivos solares.<\/p><p>La exposici\u00f3n est\u00e1 dirigida principalmente a ni\u00f1os y j\u00f3venes pero est\u00e1 abierto al p\u00fablico en general. Trabaja con escuelas, ONGs, entidades intermedias, municipios y universidades.<\/p><p>PuertoCiencia posee tambi\u00e9n una muestra completa de equipos desarrollados espec\u00edficamente para la itinerancia, facilitando as\u00ed la instalaci\u00f3n en peque\u00f1as y medianas localidades. De esta manera, puede llegar al interior de Entre R\u00edos y provincias vecinas, expandiendo las posibilidades de divulgaci\u00f3n de las ciencias para todos.<\/p><\/div>\n                <\/div><div class=\"eael-accordion-list\">\n                <div id=\"talleres-didcticos-y-demostraciones\" class=\"elementor-tab-title eael-accordion-header\" tabindex=\"0\" data-tab=\"2\" aria-controls=\"elementor-tab-content-1612\"><span class=\"eael-accordion-tab-title\">Talleres did\u00e1cticos y demostraciones<\/span><svg aria-hidden=\"true\" class=\"fa-toggle e-font-icon-svg e-fas-angle-right\" viewBox=\"0 0 256 512\" xmlns=\"http:\/\/www.w3.org\/2000\/svg\"><path d=\"M224.3 273l-136 136c-9.4 9.4-24.6 9.4-33.9 0l-22.6-22.6c-9.4-9.4-9.4-24.6 0-33.9l96.4-96.4-96.4-96.4c-9.4-9.4-9.4-24.6 0-33.9L54.3 103c9.4-9.4 24.6-9.4 33.9 0l136 136c9.5 9.4 9.5 24.6.1 34z\"><\/path><\/svg><\/div><div id=\"elementor-tab-content-1612\" class=\"eael-accordion-content clearfix\" data-tab=\"2\" aria-labelledby=\"talleres-didcticos-y-demostraciones\"><p><strong>\u2192 Armado de Geod\u00e9sica Monumental:<\/strong> C\u00e1lculo, construcci\u00f3n y armado de una esfera geod\u00e9sica de ca\u00f1os de PVC de 5 m. de di\u00e1metro. Se trata de una actividad grupal en la que, a trav\u00e9s de tareas colaborativas, se incentiva el esp\u00edritu de armon\u00eda y convivencia, a la vez que se trabaja con algunas nociones de matem\u00e1tica, geom\u00e9trica espacial, trabajo seriado, din\u00e1micas de grupo, construcci\u00f3n colectiva y montaje de la estructura.<\/p><p><strong>\u2192 F\u00e1brica de Papel:<\/strong> Este taller tiene como objetivo generar una consciencia ambiental en los ni\u00f1os acerca de c\u00f3mo hacemos uso de los recursos materiales, en este caso, el papel. Para ello, contamos con una instalaci\u00f3n especialmente dise\u00f1ada para experimentar mediante la pr\u00e1ctica y el juego la realizaci\u00f3n de papel artesanal, incorporando los conceptos de reciclado y cuidado del ambiente junto con las habilidades manuales. Es un interesante atractivo del que se espera que ni\u00f1os y maestros se apropien para repetir posteriormente en su escuela.<\/p><p><strong>\u2192 Taller de cocinas solares:<\/strong> Aborda contenidos referidos al uso de energ\u00edas alternativas con el objetivo de paliar el d\u00e9ficit energ\u00e9tico mediante cocinas solares econ\u00f3micas, calentadores de agua, estufas, biog\u00e1s y reciclado de materiales. Est\u00e1 disponible un &#8220;Manual de construcci\u00f3n de cocinas solares&#8221;.<\/p><p><strong>\u2192 \u00d3ptica Curiosa:<\/strong> Se realizan experiencias sencillas y did\u00e1cticas relacionadas a los fen\u00f3menos de reflexi\u00f3n, refracci\u00f3n y visi\u00f3n de los colores, y a la construcci\u00f3n de distintos instrumentos \u00f3pticos sencillos, utilizando distintos tipos de espejos y lentes.<\/p><p><strong>\u2192 Un jard\u00edn para mi mariposa, una mariposa para mi jard\u00edn:<\/strong> Dirigido a nivel inicial, este taller se realiza en el Aula Verde del museo, que cuenta con plantas alojadoras de mariposas monarcas (Asclepias). Se observan, recolectan y clasifican diferentes etapas de la metam\u00f3rfosis de la mariposa, plantas y otros insectos. Los alumnos se llevas semillas para plantar en su escuela con el objetivo de desarrollar la cultura y el cuidado ambiental, proponiendo una aproximaci\u00f3n al m\u00e9todo cient\u00edfico.<\/p><p><strong>\u2192 El P\u00e9ndulo Dibujante:<\/strong> El p\u00e9ndulo es un sistema formado por un cuerpo, suspendido de un punto fijo mediante un hilo o una varilla. Al separarlo de su posici\u00f3n de equilibrio se balancea u oscila a ambos lados de esa posici\u00f3n. Veremos estos movimientos con pintura y sobre hojas de papel.<\/p><p><strong>\u2192 Exploracion y avistaje en microscopia:<\/strong> Se realiza una aproximaci\u00f3n a las plantas e insectos que se encuentran en el Aula Verde o donde se desarrolle la experiencia, observando y recolectando material para poder ver en microscopios did\u00e1cticos, con el objetivo de proponer una aproximaci\u00f3n a m\u00e9todos cient\u00edficos desde una temprana edad.<\/p><p><strong>\u2192 Las burbujas y las superficies m\u00ednimas:<\/strong> En este taller podremos jugar con las burbujas, ver su composici\u00f3n y armar estructuras en las cuales las pel\u00edculas pueden tomar formas muy raras. Explicaremos de una forma did\u00e1ctica la tensi\u00f3n superficial y las superficies m\u00ednimas.<\/p><p><strong>\u2192 La F\u00edsica de los Malabares:<\/strong> Se propone la realizaci\u00f3n de un taller de construcci\u00f3n y pr\u00e1ctica de malabares en el cual se vinculan los territorios del arte y de la ciencia como componentes de un mismo sistema cultural vinculado. Se mostrar\u00e1 la aplicaci\u00f3n de la f\u00edsica en las artes circenses, presentando algunos principios fundamentales de la f\u00edsica.<\/p><p><strong>\u2192 Teatro Cient\u00edfico:<\/strong> El teatro resulta una herramienta de comunicaci\u00f3n de gran atractivo para el abordaje de variados temas. Mediante intervenciones teatrales y circenses, se pretende lograr una fusi\u00f3n entre arte y ciencia para hacer part\u00edcipe al p\u00fablico no s\u00f3lo de demostraciones de fen\u00f3menos cient\u00edficos, sino de los procesos necesarios para llegar a los mismos, estimulando la curiosidad, la duda y el inter\u00e9s por el mundo de las ciencias y sus b\u00fasquedas.<\/p><p><strong>\u2192 \u00a0Taller de Inteligencias M\u00faltiples:<\/strong> Introducci\u00f3n a las \u00e1reas cerebrales del conocimiento y del comportamiento. Propuesta de actividades l\u00fadicas para la estimulaci\u00f3n y de<br \/>las inteligencias m\u00faltiples. Destinado a maestros, profesores de nivel primario y secundario y alumnos de nivel secundario.<\/p><p><strong>\u2192 Historia, fen\u00f3menos, experiencias e impacto social del electromagnetismo:<\/strong> Brinda una mirada integral del tema desde el punto de vista f\u00edsico y de la importancia que tiene en la vida moderna.<\/p><p><strong>\u2192 Planificaci\u00f3n estrat\u00e9gica de museos y centros de ciencia:<\/strong> Esta actividad grupal tiene como base las experiencias individuales, y est\u00e1 destinada a autoridades, docentes y gestores de espacios de divulgaci\u00f3n de las ciencias.<\/p><\/div>\n                <\/div><\/div>\t\t<\/div>\n\t\t\t\t<\/div>\n\t\t\t\t\t<\/div>\n\t\t\t\t<\/div>\n\t\t<div class=\"elementor-element elementor-element-b89f24f e-flex e-con-boxed e-con e-parent\" data-id=\"b89f24f\" data-element_type=\"container\" data-settings=\"{&quot;content_width&quot;:&quot;boxed&quot;}\" data-core-v316-plus=\"true\">\n\t\t\t\t\t<div class=\"e-con-inner\">\n\t\t\t\t<div class=\"elementor-element elementor-element-2d05f01 elementor-widget elementor-widget-spacer\" data-id=\"2d05f01\" data-element_type=\"widget\" data-widget_type=\"spacer.default\">\n\t\t\t\t<div class=\"elementor-widget-container\">\n\t\t\t<style>\/*! elementor - v3.19.0 - 28-02-2024 *\/\n.elementor-column .elementor-spacer-inner{height:var(--spacer-size)}.e-con{--container-widget-width:100%}.e-con-inner>.elementor-widget-spacer,.e-con>.elementor-widget-spacer{width:var(--container-widget-width,var(--spacer-size));--align-self:var(--container-widget-align-self,initial);--flex-shrink:0}.e-con-inner>.elementor-widget-spacer>.elementor-widget-container,.e-con>.elementor-widget-spacer>.elementor-widget-container{height:100%;width:100%}.e-con-inner>.elementor-widget-spacer>.elementor-widget-container>.elementor-spacer,.e-con>.elementor-widget-spacer>.elementor-widget-container>.elementor-spacer{height:100%}.e-con-inner>.elementor-widget-spacer>.elementor-widget-container>.elementor-spacer>.elementor-spacer-inner,.e-con>.elementor-widget-spacer>.elementor-widget-container>.elementor-spacer>.elementor-spacer-inner{height:var(--container-widget-height,var(--spacer-size))}.e-con-inner>.elementor-widget-spacer.elementor-widget-empty,.e-con>.elementor-widget-spacer.elementor-widget-empty{position:relative;min-height:22px;min-width:22px}.e-con-inner>.elementor-widget-spacer.elementor-widget-empty .elementor-widget-empty-icon,.e-con>.elementor-widget-spacer.elementor-widget-empty .elementor-widget-empty-icon{position:absolute;top:0;bottom:0;left:0;right:0;margin:auto;padding:0;width:22px;height:22px}<\/style>\t\t<div class=\"elementor-spacer\">\n\t\t\t<div class=\"elementor-spacer-inner\"><\/div>\n\t\t<\/div>\n\t\t\t\t<\/div>\n\t\t\t\t<\/div>\n\t\t\t\t\t<\/div>\n\t\t\t\t<\/div>\n\t\t\t\t<\/div>\n\t\t","protected":false},"excerpt":{"rendered":"<p>Actividades Nuestro museo ofrece exhibiciones interactivas, programas y materiales de aprendizaje relacionados con las ciencias y la cultura de nuestra comunidad. En PuertoCiencia se anima a los visitantes de todas las edades a tocar, observar, experimentar, imaginar y crear, propiciando un entorno de aprendizaje l\u00fadico. Muestra interactiva A trav\u00e9s de una colecci\u00f3n de equipamiento did\u00e1ctico [&hellip;]<\/p>\n","protected":false},"author":4,"featured_media":0,"parent":0,"menu_order":0,"comment_status":"closed","ping_status":"closed","template":"","meta":{"site-sidebar-layout":"no-sidebar","site-content-layout":"page-builder","ast-site-content-layout":"full-width-container","site-content-style":"default","site-sidebar-style":"default","ast-global-header-display":"","ast-banner-title-visibility":"","ast-main-header-display":"","ast-hfb-above-header-display":"","ast-hfb-below-header-display":"","ast-hfb-mobile-header-display":"","site-post-title":"disabled","ast-breadcrumbs-content":"","ast-featured-img":"disabled","footer-sml-layout":"","theme-transparent-header-meta":"","adv-header-id-meta":"","stick-header-meta":"","header-above-stick-meta":"","header-main-stick-meta":"","header-below-stick-meta":"","astra-migrate-meta-layouts":"set","ast-page-background-enabled":"default","ast-page-background-meta":{"desktop":{"background-color":"var(--ast-global-color-4)","background-image":"","background-repeat":"repeat","background-position":"center center","background-size":"auto","background-attachment":"scroll","background-type":"","background-media":"","overlay-type":"","overlay-color":"","overlay-gradient":""},"tablet":{"background-color":"","background-image":"","background-repeat":"repeat","background-position":"center center","background-size":"auto","background-attachment":"scroll","background-type":"","background-media":"","overlay-type":"","overlay-color":"","overlay-gradient":""},"mobile":{"background-color":"","background-image":"","background-repeat":"repeat","background-position":"center center","background-size":"auto","background-attachment":"scroll","background-type":"","background-media":"","overlay-type":"","overlay-color":"","overlay-gradient":""}},"ast-content-background-meta":{"desktop":{"background-color":"var(--ast-global-color-5)","background-image":"","background-repeat":"repeat","background-position":"center center","background-size":"auto","background-attachment":"scroll","background-type":"","background-media":"","overlay-type":"","overlay-color":"","overlay-gradient":""},"tablet":{"background-color":"var(--ast-global-color-5)","background-image":"","background-repeat":"repeat","background-position":"center center","background-size":"auto","background-attachment":"scroll","background-type":"","background-media":"","overlay-type":"","overlay-color":"","overlay-gradient":""},"mobile":{"background-color":"var(--ast-global-color-5)","background-image":"","background-repeat":"repeat","background-position":"center center","background-size":"auto","background-attachment":"scroll","background-type":"","background-media":"","overlay-type":"","overlay-color":"","overlay-gradient":""}},"footnotes":""},"class_list":["post-239","page","type-page","status-publish","hentry"],"_links":{"self":[{"href":"https:\/\/museo.ingenieria.uner.edu.ar\/index.php\/wp-json\/wp\/v2\/pages\/239","targetHints":{"allow":["GET"]}}],"collection":[{"href":"https:\/\/museo.ingenieria.uner.edu.ar\/index.php\/wp-json\/wp\/v2\/pages"}],"about":[{"href":"https:\/\/museo.ingenieria.uner.edu.ar\/index.php\/wp-json\/wp\/v2\/types\/page"}],"author":[{"embeddable":true,"href":"https:\/\/museo.ingenieria.uner.edu.ar\/index.php\/wp-json\/wp\/v2\/users\/4"}],"replies":[{"embeddable":true,"href":"https:\/\/museo.ingenieria.uner.edu.ar\/index.php\/wp-json\/wp\/v2\/comments?post=239"}],"version-history":[{"count":55,"href":"https:\/\/museo.ingenieria.uner.edu.ar\/index.php\/wp-json\/wp\/v2\/pages\/239\/revisions"}],"predecessor-version":[{"id":620,"href":"https:\/\/museo.ingenieria.uner.edu.ar\/index.php\/wp-json\/wp\/v2\/pages\/239\/revisions\/620"}],"wp:attachment":[{"href":"https:\/\/museo.ingenieria.uner.edu.ar\/index.php\/wp-json\/wp\/v2\/media?parent=239"}],"curies":[{"name":"wp","href":"https:\/\/api.w.org\/{rel}","templated":true}]}}